{"id":860,"date":"2024-11-26T03:31:18","date_gmt":"2024-11-26T03:31:18","guid":{"rendered":"https:\/\/cmsthemes.innovatewebs.com\/CMS34\/?page_id=860"},"modified":"2025-07-07T15:49:50","modified_gmt":"2025-07-07T15:49:50","slug":"carreras-infantiles","status":"publish","type":"page","link":"https:\/\/adquijote.ebone.es\/index.php\/carreras-infantiles\/","title":{"rendered":"Carreras infantiles"},"content":{"rendered":"\t\t<div data-elementor-type=\"wp-page\" data-elementor-id=\"860\" class=\"elementor elementor-860\">\n\t\t\t\t\t\t<section class=\"elementor-section elementor-top-section elementor-element elementor-element-17e9cfb elementor-section-full_width elementor-section-stretched animated-slow elementor-section-height-default elementor-section-height-default elementor-invisible\" data-id=\"17e9cfb\" data-element_type=\"section\" data-settings=\"{&quot;stretch_section&quot;:&quot;section-stretched&quot;,&quot;animation&quot;:&quot;fadeIn&quot;}\">\n\t\t\t\t\t\t<div class=\"elementor-container elementor-column-gap-default\">\n\t\t\t\t\t<div class=\"elementor-column elementor-col-50 elementor-top-column elementor-element elementor-element-b07d3ba about-horse\" data-id=\"b07d3ba\" data-element_type=\"column\">\n\t\t\t<div class=\"elementor-widget-wrap elementor-element-populated\">\n\t\t\t\t\t\t<section class=\"elementor-section elementor-inner-section elementor-element elementor-element-7741148 elementor-section-boxed elementor-section-height-default elementor-section-height-default\" data-id=\"7741148\" data-element_type=\"section\">\n\t\t\t\t\t\t<div class=\"elementor-container elementor-column-gap-default\">\n\t\t\t\t\t<div class=\"elementor-column elementor-col-100 elementor-inner-column elementor-element elementor-element-9da933f\" data-id=\"9da933f\" data-element_type=\"column\">\n\t\t\t<div class=\"elementor-widget-wrap elementor-element-populated\">\n\t\t\t\t\t\t<div class=\"elementor-element elementor-element-07506fa elementor-widget elementor-widget-n-accordion\" data-id=\"07506fa\" data-element_type=\"widget\" data-settings=\"{&quot;default_state&quot;:&quot;expanded&quot;,&quot;max_items_expended&quot;:&quot;one&quot;,&quot;n_accordion_animation_duration&quot;:{&quot;unit&quot;:&quot;ms&quot;,&quot;size&quot;:400,&quot;sizes&quot;:[]}}\" data-widget_type=\"nested-accordion.default\">\n\t\t\t\t\t\t\t<div class=\"e-n-accordion\" aria-label=\"Accordion. Open links with Enter or Space, close with Escape, and navigate with Arrow Keys\">\n\t\t\t\t\t\t<details id=\"e-n-accordion-item-7660\" class=\"e-n-accordion-item\" open>\n\t\t\t\t<summary class=\"e-n-accordion-item-title\" data-accordion-index=\"1\" tabindex=\"0\" aria-expanded=\"true\" aria-controls=\"e-n-accordion-item-7660\" >\n\t\t\t\t\t<span class='e-n-accordion-item-title-header'><div class=\"e-n-accordion-item-title-text\"> Carrera <\/div><\/span>\n\t\t\t\t\t\t\t<span class='e-n-accordion-item-title-icon'>\n\t\t\t<span class='e-opened' ><svg aria-hidden=\"true\" class=\"e-font-icon-svg e-fas-minus\" viewBox=\"0 0 448 512\" xmlns=\"http:\/\/www.w3.org\/2000\/svg\"><path d=\"M416 208H32c-17.67 0-32 14.33-32 32v32c0 17.67 14.33 32 32 32h384c17.67 0 32-14.33 32-32v-32c0-17.67-14.33-32-32-32z\"><\/path><\/svg><\/span>\n\t\t\t<span class='e-closed'><svg aria-hidden=\"true\" class=\"e-font-icon-svg e-fas-plus\" viewBox=\"0 0 448 512\" xmlns=\"http:\/\/www.w3.org\/2000\/svg\"><path d=\"M416 208H272V64c0-17.67-14.33-32-32-32h-32c-17.67 0-32 14.33-32 32v144H32c-17.67 0-32 14.33-32 32v32c0 17.67 14.33 32 32 32h144v144c0 17.67 14.33 32 32 32h32c17.67 0 32-14.33 32-32V304h144c17.67 0 32-14.33 32-32v-32c0-17.67-14.33-32-32-32z\"><\/path><\/svg><\/span>\n\t\t<\/span>\n\n\t\t\t\t\t\t<\/summary>\n\t\t\t\t<div role=\"region\" aria-labelledby=\"e-n-accordion-item-7660\" class=\"elementor-element elementor-element-9e729a7 e-con-full e-flex e-con e-child\" data-id=\"9e729a7\" data-element_type=\"container\">\n\t\t\t\t<div class=\"elementor-element elementor-element-5698384 elementor-widget elementor-widget-text-editor\" data-id=\"5698384\" data-element_type=\"widget\" data-widget_type=\"text-editor.default\">\n\t\t\t\t\t\t\t\t\t<p>Como complemento a la I Carrera por relevos Legado Quijote, y con el fin de promover la pr\u00e1ctica del Deporte y del Atletismo en particular en las categor\u00edas inferiores, se organizan las <strong>Carreras Mini<\/strong>\u00a0que tendr\u00e1n lugar\u00a0<strong>el S\u00e1bado d\u00eda xx de Noviembre del 2025<\/strong>a partir de las\u00a0<strong>13:00 horas en xxxx<\/strong><\/p>\t\t\t\t\t\t\t\t<\/div>\n\t\t\t\t<\/div>\n\t\t\t\t\t<\/details>\n\t\t\t\t\t\t<details id=\"e-n-accordion-item-7661\" class=\"e-n-accordion-item\" >\n\t\t\t\t<summary class=\"e-n-accordion-item-title\" data-accordion-index=\"2\" tabindex=\"-1\" aria-expanded=\"false\" aria-controls=\"e-n-accordion-item-7661\" >\n\t\t\t\t\t<span class='e-n-accordion-item-title-header'><div class=\"e-n-accordion-item-title-text\"> Categor\u00edas <\/div><\/span>\n\t\t\t\t\t\t\t<span class='e-n-accordion-item-title-icon'>\n\t\t\t<span class='e-opened' ><svg aria-hidden=\"true\" class=\"e-font-icon-svg e-fas-minus\" viewBox=\"0 0 448 512\" xmlns=\"http:\/\/www.w3.org\/2000\/svg\"><path d=\"M416 208H32c-17.67 0-32 14.33-32 32v32c0 17.67 14.33 32 32 32h384c17.67 0 32-14.33 32-32v-32c0-17.67-14.33-32-32-32z\"><\/path><\/svg><\/span>\n\t\t\t<span class='e-closed'><svg aria-hidden=\"true\" class=\"e-font-icon-svg e-fas-plus\" viewBox=\"0 0 448 512\" xmlns=\"http:\/\/www.w3.org\/2000\/svg\"><path d=\"M416 208H272V64c0-17.67-14.33-32-32-32h-32c-17.67 0-32 14.33-32 32v144H32c-17.67 0-32 14.33-32 32v32c0 17.67 14.33 32 32 32h144v144c0 17.67 14.33 32 32 32h32c17.67 0 32-14.33 32-32V304h144c17.67 0 32-14.33 32-32v-32c0-17.67-14.33-32-32-32z\"><\/path><\/svg><\/span>\n\t\t<\/span>\n\n\t\t\t\t\t\t<\/summary>\n\t\t\t\t<div role=\"region\" aria-labelledby=\"e-n-accordion-item-7661\" class=\"elementor-element elementor-element-6ab787e e-con-full e-flex e-con e-child\" data-id=\"6ab787e\" data-element_type=\"container\">\n\t\t\t\t<div class=\"elementor-element elementor-element-68044d8 elementor-widget elementor-widget-text-editor\" data-id=\"68044d8\" data-element_type=\"widget\" data-widget_type=\"text-editor.default\">\n\t\t\t\t\t\t\t\t\t<p>2-5 a\u00f1os<\/p><p>6-8 a\u00f1os<\/p><p>9-12 a\u00f1os<\/p>\t\t\t\t\t\t\t\t<\/div>\n\t\t\t\t<\/div>\n\t\t\t\t\t<\/details>\n\t\t\t\t\t\t<details id=\"e-n-accordion-item-7662\" class=\"e-n-accordion-item\" >\n\t\t\t\t<summary class=\"e-n-accordion-item-title\" data-accordion-index=\"3\" tabindex=\"-1\" aria-expanded=\"false\" aria-controls=\"e-n-accordion-item-7662\" >\n\t\t\t\t\t<span class='e-n-accordion-item-title-header'><div class=\"e-n-accordion-item-title-text\"> Inscripciones <\/div><\/span>\n\t\t\t\t\t\t\t<span class='e-n-accordion-item-title-icon'>\n\t\t\t<span class='e-opened' ><svg aria-hidden=\"true\" class=\"e-font-icon-svg e-fas-minus\" viewBox=\"0 0 448 512\" xmlns=\"http:\/\/www.w3.org\/2000\/svg\"><path d=\"M416 208H32c-17.67 0-32 14.33-32 32v32c0 17.67 14.33 32 32 32h384c17.67 0 32-14.33 32-32v-32c0-17.67-14.33-32-32-32z\"><\/path><\/svg><\/span>\n\t\t\t<span class='e-closed'><svg aria-hidden=\"true\" class=\"e-font-icon-svg e-fas-plus\" viewBox=\"0 0 448 512\" xmlns=\"http:\/\/www.w3.org\/2000\/svg\"><path d=\"M416 208H272V64c0-17.67-14.33-32-32-32h-32c-17.67 0-32 14.33-32 32v144H32c-17.67 0-32 14.33-32 32v32c0 17.67 14.33 32 32 32h144v144c0 17.67 14.33 32 32 32h32c17.67 0 32-14.33 32-32V304h144c17.67 0 32-14.33 32-32v-32c0-17.67-14.33-32-32-32z\"><\/path><\/svg><\/span>\n\t\t<\/span>\n\n\t\t\t\t\t\t<\/summary>\n\t\t\t\t<div role=\"region\" aria-labelledby=\"e-n-accordion-item-7662\" class=\"elementor-element elementor-element-c8852c7 e-con-full e-flex e-con e-child\" data-id=\"c8852c7\" data-element_type=\"container\">\n\t\t\t\t<div class=\"elementor-element elementor-element-bce11b3 elementor-widget elementor-widget-text-editor\" data-id=\"bce11b3\" data-element_type=\"widget\" data-widget_type=\"text-editor.default\">\n\t\t\t\t\t\t\t\t\t<p>Lorem ipsum dolor sit amet, consectetur adipiscing elit. Ut elit tellus, luctus nec ullamcorper mattis, pulvinar dapibus leo.<\/p>\t\t\t\t\t\t\t\t<\/div>\n\t\t\t\t<\/div>\n\t\t\t\t\t<\/details>\n\t\t\t\t\t\t<details id=\"e-n-accordion-item-7663\" class=\"e-n-accordion-item\" >\n\t\t\t\t<summary class=\"e-n-accordion-item-title\" data-accordion-index=\"4\" tabindex=\"-1\" aria-expanded=\"false\" aria-controls=\"e-n-accordion-item-7663\" >\n\t\t\t\t\t<span class='e-n-accordion-item-title-header'><div class=\"e-n-accordion-item-title-text\"> Trofeos y medallas <\/div><\/span>\n\t\t\t\t\t\t\t<span class='e-n-accordion-item-title-icon'>\n\t\t\t<span class='e-opened' ><svg aria-hidden=\"true\" class=\"e-font-icon-svg e-fas-minus\" viewBox=\"0 0 448 512\" xmlns=\"http:\/\/www.w3.org\/2000\/svg\"><path d=\"M416 208H32c-17.67 0-32 14.33-32 32v32c0 17.67 14.33 32 32 32h384c17.67 0 32-14.33 32-32v-32c0-17.67-14.33-32-32-32z\"><\/path><\/svg><\/span>\n\t\t\t<span class='e-closed'><svg aria-hidden=\"true\" class=\"e-font-icon-svg e-fas-plus\" viewBox=\"0 0 448 512\" xmlns=\"http:\/\/www.w3.org\/2000\/svg\"><path d=\"M416 208H272V64c0-17.67-14.33-32-32-32h-32c-17.67 0-32 14.33-32 32v144H32c-17.67 0-32 14.33-32 32v32c0 17.67 14.33 32 32 32h144v144c0 17.67 14.33 32 32 32h32c17.67 0 32-14.33 32-32V304h144c17.67 0 32-14.33 32-32v-32c0-17.67-14.33-32-32-32z\"><\/path><\/svg><\/span>\n\t\t<\/span>\n\n\t\t\t\t\t\t<\/summary>\n\t\t\t\t<div role=\"region\" aria-labelledby=\"e-n-accordion-item-7663\" class=\"elementor-element elementor-element-97d3785 e-con-full e-flex e-con e-child\" data-id=\"97d3785\" data-element_type=\"container\">\n\t\t\t\t<div class=\"elementor-element elementor-element-551ddc3 elementor-widget elementor-widget-text-editor\" data-id=\"551ddc3\" data-element_type=\"widget\" data-widget_type=\"text-editor.default\">\n\t\t\t\t\t\t\t\t\t<p>Llevar\u00e1n trofeos los tres primeros clasificados, tanto masculina como femenina, en las categor\u00edas de Sub 16 Cadete, Sub 14 Infantil, Sub 12 Alev\u00edn, Sub 10 Benjam\u00edn y Sub 8 Prebenjam\u00edn.<\/p><p>Llevar\u00e1n medalla conmemorativa todos los participantes de las categor\u00edas Sub 12 Alev\u00edn, Sub 10 Benjam\u00edn, Sub 8 Prebenjam\u00edn y Chupetines. La categor\u00eda Chupetines tiene car\u00e1cter NO COMPETITIVO.<\/p>\t\t\t\t\t\t\t\t<\/div>\n\t\t\t\t<\/div>\n\t\t\t\t\t<\/details>\n\t\t\t\t\t\t<details id=\"e-n-accordion-item-7664\" class=\"e-n-accordion-item\" >\n\t\t\t\t<summary class=\"e-n-accordion-item-title\" data-accordion-index=\"5\" tabindex=\"-1\" aria-expanded=\"false\" aria-controls=\"e-n-accordion-item-7664\" >\n\t\t\t\t\t<span class='e-n-accordion-item-title-header'><div class=\"e-n-accordion-item-title-text\"> Reglamento <\/div><\/span>\n\t\t\t\t\t\t\t<span class='e-n-accordion-item-title-icon'>\n\t\t\t<span class='e-opened' ><svg aria-hidden=\"true\" class=\"e-font-icon-svg e-fas-minus\" viewBox=\"0 0 448 512\" xmlns=\"http:\/\/www.w3.org\/2000\/svg\"><path d=\"M416 208H32c-17.67 0-32 14.33-32 32v32c0 17.67 14.33 32 32 32h384c17.67 0 32-14.33 32-32v-32c0-17.67-14.33-32-32-32z\"><\/path><\/svg><\/span>\n\t\t\t<span class='e-closed'><svg aria-hidden=\"true\" class=\"e-font-icon-svg e-fas-plus\" viewBox=\"0 0 448 512\" xmlns=\"http:\/\/www.w3.org\/2000\/svg\"><path d=\"M416 208H272V64c0-17.67-14.33-32-32-32h-32c-17.67 0-32 14.33-32 32v144H32c-17.67 0-32 14.33-32 32v32c0 17.67 14.33 32 32 32h144v144c0 17.67 14.33 32 32 32h32c17.67 0 32-14.33 32-32V304h144c17.67 0 32-14.33 32-32v-32c0-17.67-14.33-32-32-32z\"><\/path><\/svg><\/span>\n\t\t<\/span>\n\n\t\t\t\t\t\t<\/summary>\n\t\t\t\t<div role=\"region\" aria-labelledby=\"e-n-accordion-item-7664\" class=\"elementor-element elementor-element-0f525af e-con-full e-flex e-con e-child\" data-id=\"0f525af\" data-element_type=\"container\">\n\t\t\t\t<div class=\"elementor-element elementor-element-fda19d8 elementor-widget elementor-widget-text-editor\" data-id=\"fda19d8\" data-element_type=\"widget\" data-widget_type=\"text-editor.default\">\n\t\t\t\t\t\t\t\t\t<p>Todos los participantes, con el hecho de su inscripci\u00f3n, aceptan el reglamento de la competici\u00f3n, declarando encontrarse en buenas condiciones f\u00edsicas y asumiendo el riesgo de esta pr\u00e1ctica deportiva.<\/p><p>La organizaci\u00f3n declina toda responsabilidad de los da\u00f1os que los participantes puedan ocasionar durante la prueba, causarse ellos mismo o derivar de ellos a terceros<\/p>\t\t\t\t\t\t\t\t<\/div>\n\t\t\t\t<\/div>\n\t\t\t\t\t<\/details>\n\t\t\t\t\t<\/div>\n\t\t\t\t\t\t<\/div>\n\t\t\t\t\t<\/div>\n\t\t<\/div>\n\t\t\t\t\t<\/div>\n\t\t<\/section>\n\t\t\t\t\t<\/div>\n\t\t<\/div>\n\t\t\t\t<div class=\"elementor-column elementor-col-50 elementor-top-column elementor-element elementor-element-75f328a about-horse\" data-id=\"75f328a\" data-element_type=\"column\">\n\t\t\t<div class=\"elementor-widget-wrap elementor-element-populated\">\n\t\t\t\t\t\t<section class=\"elementor-section elementor-inner-section elementor-element elementor-element-7deb5e3 elementor-section-boxed elementor-section-height-default elementor-section-height-default\" data-id=\"7deb5e3\" data-element_type=\"section\">\n\t\t\t\t\t\t<div class=\"elementor-container elementor-column-gap-default\">\n\t\t\t\t\t<div class=\"elementor-column elementor-col-100 elementor-inner-column elementor-element elementor-element-8c1c010\" data-id=\"8c1c010\" data-element_type=\"column\">\n\t\t\t<div class=\"elementor-widget-wrap elementor-element-populated\">\n\t\t\t\t\t\t<div class=\"elementor-element elementor-element-f903d61 elementor-widget elementor-widget-ucaddon_zoom_caption_reveal_content_box\" data-id=\"f903d61\" data-element_type=\"widget\" data-widget_type=\"ucaddon_zoom_caption_reveal_content_box.default\">\n\t\t\t\t<div class=\"elementor-widget-container\">\n\t\t\t\t\t\n<!-- start Caption Reveal Content Box -->\n<style>\/* widget: Caption Reveal Content Box *\/\n\n#uc_zoom_caption_reveal_content_box_elementor_f903d61 *\n{\n  box-sizing:border-box;\n}\n#uc_zoom_caption_reveal_content_box_elementor_f903d61\n{\n  position:relative;\n  overflow:hidden;\n  text-align:left;\n  height:480pxpx;\n}\n\n#uc_zoom_caption_reveal_content_box_elementor_f903d61 .ue-link\n{\n  display:block;\n  position:absolute;\n  left:0;\n  right:0;\n  bottom:0;\n  top:0;\n}\n\n#uc_zoom_caption_reveal_content_box_elementor_f903d61 .image-caption-reveal-on-hover\n{\n\n  width:100%;\n  background-color:lightgray;\n  transition:0.5s;\n  background-image:url(https:\/\/adquijote.ebone.es\/wp-content\/uploads\/2025\/07\/running-infantil.jpg);\n  background-size:cover;\n  background-position:top center;\n  position:absolute;\n  top:0;\n  left:0;\n  bottom:0;\n  right:0;\n}\n\n#uc_zoom_caption_reveal_content_box_elementor_f903d61:hover .image-caption-reveal-on-hover\n{\n transform:scale(1.1,1.1);\n}\n\n#uc_zoom_caption_reveal_content_box_elementor_f903d61 .icroh-caption\n{\n  position:absolute;\n  bottom:0px;\n  transition:0.5s;\n  color:white;\n  width:100%;\n  background-color:#FFFFFF00;\n}\n\n#uc_zoom_caption_reveal_content_box_elementor_f903d61:hover .icroh-caption\n{\n  background-color:#BB945700;\n}\n\n.icroh-title\n{\n  font-size:18px;\n}\n\n#uc_zoom_caption_reveal_content_box_elementor_f903d61 .icroh-text\n{\n  display:none;\n}\n\n<\/style>\n\n<div id=\"uc_zoom_caption_reveal_content_box_elementor_f903d61\" class=\"zoom_caption_reveal_content_box\">\n  <div class=\"image-caption-reveal-on-hover\">\n  <\/div>\n  \n    <div class=\"icroh-caption\">\n      <div class=\"icroh-title\"><\/div>\n      <div class=\"icroh-text\">\n        \n      <\/div>\n    <\/div>\n  \n  \n\t\n\n  \n  \n<\/div>\n<!-- end Caption Reveal Content Box -->\t\t\t\t<\/div>\n\t\t\t\t<\/div>\n\t\t\t\t\t<\/div>\n\t\t<\/div>\n\t\t\t\t\t<\/div>\n\t\t<\/section>\n\t\t\t\t\t<\/div>\n\t\t<\/div>\n\t\t\t\t\t<\/div>\n\t\t<\/section>\n\t\t\t\t<\/div>\n\t\t","protected":false},"excerpt":{"rendered":"<p>Carrera Como complemento a la I Carrera por relevos Legado Quijote, y con el fin de promover la pr\u00e1ctica del Deporte y del Atletismo en particular en las categor\u00edas inferiores, se organizan las Carreras Mini\u00a0que tendr\u00e1n lugar\u00a0el S\u00e1bado d\u00eda xx de Noviembre del 2025a partir de las\u00a013:00 horas en xxxx Categor\u00edas 2-5 a\u00f1os 6-8 a\u00f1os&#8230;<\/p>\n","protected":false},"author":1,"featured_media":1209,"parent":0,"menu_order":0,"comment_status":"closed","ping_status":"closed","template":"","meta":{"_kad_post_transparent":"","_kad_post_title":"default","_kad_post_layout":"default","_kad_post_sidebar_id":"","_kad_post_content_style":"unboxed","_kad_post_vertical_padding":"hide","_kad_post_feature":"default","_kad_post_feature_position":"","_kad_post_header":false,"_kad_post_footer":false,"footnotes":""},"class_list":["post-860","page","type-page","status-publish","has-post-thumbnail","hentry"],"_links":{"self":[{"href":"https:\/\/adquijote.ebone.es\/index.php\/wp-json\/wp\/v2\/pages\/860","targetHints":{"allow":["GET"]}}],"collection":[{"href":"https:\/\/adquijote.ebone.es\/index.php\/wp-json\/wp\/v2\/pages"}],"about":[{"href":"https:\/\/adquijote.ebone.es\/index.php\/wp-json\/wp\/v2\/types\/page"}],"author":[{"embeddable":true,"href":"https:\/\/adquijote.ebone.es\/index.php\/wp-json\/wp\/v2\/users\/1"}],"replies":[{"embeddable":true,"href":"https:\/\/adquijote.ebone.es\/index.php\/wp-json\/wp\/v2\/comments?post=860"}],"version-history":[{"count":8,"href":"https:\/\/adquijote.ebone.es\/index.php\/wp-json\/wp\/v2\/pages\/860\/revisions"}],"predecessor-version":[{"id":1219,"href":"https:\/\/adquijote.ebone.es\/index.php\/wp-json\/wp\/v2\/pages\/860\/revisions\/1219"}],"wp:featuredmedia":[{"embeddable":true,"href":"https:\/\/adquijote.ebone.es\/index.php\/wp-json\/wp\/v2\/media\/1209"}],"wp:attachment":[{"href":"https:\/\/adquijote.ebone.es\/index.php\/wp-json\/wp\/v2\/media?parent=860"}],"curies":[{"name":"wp","href":"https:\/\/api.w.org\/{rel}","templated":true}]}}